{"id":206,"date":"2024-03-08T16:56:29","date_gmt":"2024-03-08T15:56:29","guid":{"rendered":"http:\/\/psk.trainsim.pl\/?page_id=206"},"modified":"2025-01-17T12:46:20","modified_gmt":"2025-01-17T11:46:20","slug":"do-pobrania-2-2","status":"publish","type":"page","link":"https:\/\/psk.trainsim.pl\/?page_id=206","title":{"rendered":"Do pobrania"},"content":{"rendered":"\n<h4 class=\"wp-block-heading has-cyan-bluish-gray-background-color has-background\">Licencja na pliki<\/h4>\n\n\n\n<p class=\"has-background\" style=\"background-color:#efefef\">Wszystkie pliki zawarte w dodatku Polskich Szlak\u00f3w Kolejowych stanowi\u0105 integraln\u0105 ca\u0142o\u015b\u0107 dalej nazywan\u0105 \u201ePSK\u201d.<br \/><br \/>Dodatek PSK rozpowszechniany jest na prawach ograniczonego freeware, bez \u017cadnej gwarancji.<br \/><br \/>Autorzy tego dodatku nie ponosz\u0105 odpowiedzialno\u015bci za jakiekolwiek uszkodzenia wynik\u0142e z u\u017cycia lub z jego niezgodno\u015bci.<br \/><br \/>PSK, ani \u017cadna jego cz\u0119\u015b\u0107 nie mog\u0105 by\u0107 wykorzystane w celach komercyjnych oraz odsprzeda\u017cy bez pisemnej zgody autor\u00f3w.<br \/><br \/>Publikowanie i rozpowszechnianie tego w innych serwisach World Wide Web ni\u017c https:\/\/www.psk.trainsim.pl\/ bez zgody autor\u00f3w jest zabronione.<br \/><br \/>U\u017cytkownik przyjmuje do wiadomo\u015bci, \u017ce dodatek PSK posiada zastrze\u017cone prawa autorskie nale\u017c\u0105ce do wy\u017cej wymienionych autor\u00f3w zgodnie z \u201eUstaw\u0105 z dnia 4 lutego 1994 r. o prawie autorskim i prawach pokrewnych\u201d.<br \/><br \/>U\u017cytkownik mo\u017ce u\u017cywa\u0107 ten dodatek tylko je\u017celi zgadza si\u0119 na wszystkie warunki tej licencji.<\/p>\n\n\n\n<p class=\"has-text-align-center has-background\" style=\"background-color:#fbfbfb\"><a class=\"buttonlink\" href=\"?page_id=924\"><i class=\"fa fa-check \" ><\/i> ZGADZAM SI\u0118<\/a><\/p>\n\n\n\n<p style=\"font-size:8px\"><br \/><em>akt.:<\/em><br \/><em>\u00a9 Seria Miniatur 01\/202<\/em>5<br \/><em>\u00a9 TrainSim.pl 2016<\/em>-2023<\/p>\n\n\n\n<p><\/p>\n","protected":false},"excerpt":{"rendered":"<p>Licencja na pliki Wszystkie pliki zawarte w dodatku Polskich Szlak\u00f3w Kolejowych stanowi\u0105 integraln\u0105 ca\u0142o\u015b\u0107 dalej nazywan\u0105 \u201ePSK\u201d.Dodatek PSK rozpowszechniany jest na prawach ograniczonego freeware, bez \u017cadnej gwarancji.Autorzy tego dodatku nie ponosz\u0105 odpowiedzialno\u015bci za jakiekolwiek uszkodzenia wynik\u0142e z u\u017cycia lub z jego niezgodno\u015bci.PSK, ani \u017cadna jego cz\u0119\u015b\u0107 nie mog\u0105 by\u0107 wykorzystane w celach komercyjnych oraz odsprzeda\u017cy&hellip;<\/p>\n","protected":false},"author":2,"featured_media":0,"parent":0,"menu_order":0,"comment_status":"closed","ping_status":"closed","template":"","meta":{"footnotes":""},"class_list":["post-206","page","type-page","status-publish","format-standard","hentry"],"_links":{"self":[{"href":"https:\/\/psk.trainsim.pl\/index.php?rest_route=\/wp\/v2\/pages\/206","targetHints":{"allow":["GET"]}}],"collection":[{"href":"https:\/\/psk.trainsim.pl\/index.php?rest_route=\/wp\/v2\/pages"}],"about":[{"href":"https:\/\/psk.trainsim.pl\/index.php?rest_route=\/wp\/v2\/types\/page"}],"author":[{"embeddable":true,"href":"https:\/\/psk.trainsim.pl\/index.php?rest_route=\/wp\/v2\/users\/2"}],"replies":[{"embeddable":true,"href":"https:\/\/psk.trainsim.pl\/index.php?rest_route=%2Fwp%2Fv2%2Fcomments&post=206"}],"version-history":[{"count":10,"href":"https:\/\/psk.trainsim.pl\/index.php?rest_route=\/wp\/v2\/pages\/206\/revisions"}],"predecessor-version":[{"id":1560,"href":"https:\/\/psk.trainsim.pl\/index.php?rest_route=\/wp\/v2\/pages\/206\/revisions\/1560"}],"wp:attachment":[{"href":"https:\/\/psk.trainsim.pl\/index.php?rest_route=%2Fwp%2Fv2%2Fmedia&parent=206"}],"curies":[{"name":"wp","href":"https:\/\/api.w.org\/{rel}","templated":true}]}}