{"id":924,"date":"2026-01-03T07:51:18","date_gmt":"2026-01-03T06:51:18","guid":{"rendered":"https:\/\/psk.trainsim.pl\/?page_id=924"},"modified":"2026-04-04T19:14:50","modified_gmt":"2026-04-04T17:14:50","slug":"do-pobrania-c1","status":"publish","type":"page","link":"https:\/\/psk.trainsim.pl\/?page_id=924","title":{"rendered":"Do pobrania"},"content":{"rendered":"\n<hr class=\"wp-block-separator has-css-opacity is-style-wide\"\/>\n\n\n\n<p class=\"has-black-color has-cyan-bluish-gray-background-color has-text-color has-background\">Przed przyst\u0105pieniem do instalacji zawartych tu plik\u00f3w&nbsp;zaleca si\u0119 pobranie i przeczytanie poni\u017cszego pliku Readme<\/p>\n\n\n\n<p class=\"has-vivid-red-background-color has-background\">Wszystkie pliki do pobrania prowadz\u0105 do zewn\u0119trznych \u017ar\u00f3de\u0142.<\/p>\n\n\n\n<h3 class=\"wp-block-heading\">Plik Readme Polskie Szlaki Kolejowe wersja 7.0<\/h3>\n\n\n\n<p>Plik, z kt\u00f3rym zalecamy si\u0119 zapozna\u0107 przed przyst\u0105pieniem do instalacji&nbsp;trasy oraz wymaganych dla niej plik\u00f3w.<\/p>\n\n\n\n<a class=\"buttonlink\" href=\"?d=1103\">ZOBACZ<\/a>\n\n\n\n<hr class=\"wp-block-separator has-text-color has-cyan-bluish-gray-color has-css-opacity has-cyan-bluish-gray-background-color has-background is-style-wide\"\/>\n\n\n\n<h3 class=\"wp-block-heading\">PSK Polskie Szlaki Kolejowe aktualizacja taboru, nowe pliki consists 040426<\/h3>\n\n\n\n<div class=\"wp-block-media-text alignwide is-stacked-on-mobile is-vertically-aligned-top\" style=\"grid-template-columns:33% auto\"><figure class=\"wp-block-media-text__media\"><img loading=\"lazy\" decoding=\"async\" width=\"1024\" height=\"576\" src=\"https:\/\/psk.trainsim.pl\/wp-content\/uploads\/2026\/04\/Open-Rails-2026-04-03-12-31-02-1024x576.png\" alt=\"\" class=\"wp-image-1759 size-full\" srcset=\"https:\/\/psk.trainsim.pl\/wp-content\/uploads\/2026\/04\/Open-Rails-2026-04-03-12-31-02-1024x576.png 1024w, https:\/\/psk.trainsim.pl\/wp-content\/uploads\/2026\/04\/Open-Rails-2026-04-03-12-31-02-300x169.png 300w, https:\/\/psk.trainsim.pl\/wp-content\/uploads\/2026\/04\/Open-Rails-2026-04-03-12-31-02-768x432.png 768w, https:\/\/psk.trainsim.pl\/wp-content\/uploads\/2026\/04\/Open-Rails-2026-04-03-12-31-02-1536x864.png 1536w, https:\/\/psk.trainsim.pl\/wp-content\/uploads\/2026\/04\/Open-Rails-2026-04-03-12-31-02-1200x675.png 1200w, https:\/\/psk.trainsim.pl\/wp-content\/uploads\/2026\/04\/Open-Rails-2026-04-03-12-31-02.png 1920w\" sizes=\"auto, (max-width: 1024px) 100vw, 1024px\" \/><\/figure><div class=\"wp-block-media-text__content\">\n<p><\/p>\n\n\n\n<p class=\"has-text-align-center\"><strong>Aktualizacja taboru 040426<\/strong><\/p>\n\n\n\n<p class=\"has-text-align-center\">Po rozpakowaniu nadpisa\u0107 pliki.<\/p>\n<\/div><\/div>\n\n\n\n<div class=\"wp-block-group\"><div class=\"wp-block-group__inner-container is-layout-flow wp-block-group-is-layout-flow\">\n<p style=\"font-size:12px\"><em>Plik: *.7z; Pobrano: 135 razy.<\/em><\/p>\n\n\n\n<a class=\"buttonlink\" href=\"?d=913\">POBIERZ<\/a>\n\n\n\n<p style=\"font-size:12px\"><\/p>\n<\/div><\/div>\n\n\n\n<p><\/p>\n\n\n\n<h3 class=\"wp-block-heading\">PSK Polskie Szlaki Kolejowe wersja 7.0 link Mega upload<\/h3>\n\n\n\n<div class=\"wp-block-media-text alignwide is-stacked-on-mobile is-vertically-aligned-top\" style=\"grid-template-columns:33% auto\"><figure class=\"wp-block-media-text__media\"><img loading=\"lazy\" decoding=\"async\" width=\"1024\" height=\"768\" src=\"https:\/\/psk.trainsim.pl\/wp-content\/uploads\/2026\/04\/lo-1024x768.jpg\" alt=\"\" class=\"wp-image-1760 size-full\" srcset=\"https:\/\/psk.trainsim.pl\/wp-content\/uploads\/2026\/04\/lo-1024x768.jpg 1024w, https:\/\/psk.trainsim.pl\/wp-content\/uploads\/2026\/04\/lo-300x225.jpg 300w, https:\/\/psk.trainsim.pl\/wp-content\/uploads\/2026\/04\/lo-768x576.jpg 768w, https:\/\/psk.trainsim.pl\/wp-content\/uploads\/2026\/04\/lo-1536x1152.jpg 1536w, https:\/\/psk.trainsim.pl\/wp-content\/uploads\/2026\/04\/lo-1200x900.jpg 1200w, https:\/\/psk.trainsim.pl\/wp-content\/uploads\/2026\/04\/lo.bmp 1733w\" sizes=\"auto, (max-width: 1024px) 100vw, 1024px\" \/><\/figure><div class=\"wp-block-media-text__content\">\n<p><\/p>\n\n\n\n<p class=\"has-text-align-center\"><strong>Polskie Szlaki Kolejowe wersja 7.0 <\/strong><\/p>\n\n\n\n<p class=\"has-text-align-center\"><strong>link Megaupload<\/strong><\/p>\n\n\n\n<p class=\"has-text-align-center\"><\/p>\n<\/div><\/div>\n\n\n\n<div class=\"wp-block-group\"><div class=\"wp-block-group__inner-container is-layout-flow wp-block-group-is-layout-flow\">\n<p style=\"font-size:12px\"><em>Plik: *.7z; Pobrano: 99 razy.<\/em><\/p>\n\n\n\n<a class=\"buttonlink\" href=\"?d=1438\">POBIERZ<\/a>\n\n\n\n<p style=\"font-size:12px\"><\/p>\n<\/div><\/div>\n\n\n\n<h3 class=\"wp-block-heading\">PSK Polskie Szlaki Kolejowe wersja 7.0 link Mediafire<\/h3>\n\n\n\n<div class=\"wp-block-media-text alignwide is-stacked-on-mobile is-vertically-aligned-top\" style=\"grid-template-columns:33% auto\"><figure class=\"wp-block-media-text__media\"><img loading=\"lazy\" decoding=\"async\" width=\"1024\" height=\"768\" src=\"https:\/\/psk.trainsim.pl\/wp-content\/uploads\/2026\/04\/lo-1024x768.jpg\" alt=\"\" class=\"wp-image-1760 size-full\" srcset=\"https:\/\/psk.trainsim.pl\/wp-content\/uploads\/2026\/04\/lo-1024x768.jpg 1024w, https:\/\/psk.trainsim.pl\/wp-content\/uploads\/2026\/04\/lo-300x225.jpg 300w, https:\/\/psk.trainsim.pl\/wp-content\/uploads\/2026\/04\/lo-768x576.jpg 768w, https:\/\/psk.trainsim.pl\/wp-content\/uploads\/2026\/04\/lo-1536x1152.jpg 1536w, https:\/\/psk.trainsim.pl\/wp-content\/uploads\/2026\/04\/lo-1200x900.jpg 1200w, https:\/\/psk.trainsim.pl\/wp-content\/uploads\/2026\/04\/lo.bmp 1733w\" sizes=\"auto, (max-width: 1024px) 100vw, 1024px\" \/><\/figure><div class=\"wp-block-media-text__content\">\n<p><\/p>\n\n\n\n<p class=\"has-text-align-center\"><strong>Polskie Szlaki Kolejowe wersja 7.0 <\/strong><\/p>\n\n\n\n<p class=\"has-text-align-center\"><strong>link Mediafire<\/strong> <\/p>\n\n\n\n<p class=\"has-text-align-center\"><\/p>\n<\/div><\/div>\n\n\n\n<p style=\"font-size:12px\"><em>Plik: *.7z; Pobrano: 167 razy.<\/em><\/p>\n\n\n\n<a class=\"buttonlink\" href=\"?d=1104\">POBIERZ<\/a>\n\n\n\n<hr class=\"wp-block-separator has-text-color has-cyan-bluish-gray-color has-css-opacity has-cyan-bluish-gray-background-color has-background is-style-wide\"\/>\n\n\n\n<div class=\"wp-block-group\"><div class=\"wp-block-group__inner-container is-layout-flow wp-block-group-is-layout-flow\">\n<hr class=\"wp-block-separator has-text-color has-cyan-bluish-gray-color has-css-opacity has-cyan-bluish-gray-background-color has-background is-style-wide\"\/>\n<\/div><\/div>\n\n\n\n<h3 class=\"wp-block-heading\">PSK Nowa paczka taboru 23.12.2025<\/h3>\n\n\n\n<div class=\"wp-block-media-text alignwide is-stacked-on-mobile is-vertically-aligned-top\" style=\"grid-template-columns:54% auto\"><figure class=\"wp-block-media-text__media\"><img loading=\"lazy\" decoding=\"async\" width=\"1024\" height=\"576\" src=\"https:\/\/psk.trainsim.pl\/wp-content\/uploads\/2025\/12\/ORPSK182-1024x576.jpg\" alt=\"\" class=\"wp-image-1690 size-full\" srcset=\"https:\/\/psk.trainsim.pl\/wp-content\/uploads\/2025\/12\/ORPSK182-1024x576.jpg 1024w, https:\/\/psk.trainsim.pl\/wp-content\/uploads\/2025\/12\/ORPSK182-300x169.jpg 300w, https:\/\/psk.trainsim.pl\/wp-content\/uploads\/2025\/12\/ORPSK182-768x432.jpg 768w, https:\/\/psk.trainsim.pl\/wp-content\/uploads\/2025\/12\/ORPSK182-1536x864.jpg 1536w, https:\/\/psk.trainsim.pl\/wp-content\/uploads\/2025\/12\/ORPSK182-1200x675.jpg 1200w, https:\/\/psk.trainsim.pl\/wp-content\/uploads\/2025\/12\/ORPSK182.jpg 1920w\" sizes=\"auto, (max-width: 1024px) 100vw, 1024px\" \/><\/figure><div class=\"wp-block-media-text__content\">\n<p><\/p>\n\n\n\n<p class=\"has-text-align-center\"><strong>Zestaw taboru wymagany do prawid\u0142owego dzia\u0142ania TimeTable dla PSK 7.0 <\/strong> <strong>Paczka uzupe\u0142niona o nowe wagony, lokomotywy<\/strong> <strong>i nowe sk\u0142ady<\/strong><\/p>\n\n\n\n<p><\/p>\n<\/div><\/div>\n\n\n\n<div class=\"wp-block-group\"><div class=\"wp-block-group__inner-container is-layout-flow wp-block-group-is-layout-flow\">\n<p style=\"font-size:12px\"><em>Plik: *.7z; Pobrano: 744 razy.<\/em><\/p>\n\n\n\n<a class=\"buttonlink\" href=\"?d=1102\">POBIERZ<\/a>\n<\/div><\/div>\n\n\n\n<h3 class=\"wp-block-heading\">PSK Sound 050725<\/h3>\n\n\n\n<div class=\"wp-block-media-text alignwide is-stacked-on-mobile is-vertically-aligned-top\" style=\"grid-template-columns:33% auto\"><figure class=\"wp-block-media-text__media\"><img loading=\"lazy\" decoding=\"async\" width=\"1024\" height=\"1024\" src=\"https:\/\/psk.trainsim.pl\/wp-content\/uploads\/2025\/07\/audio-150191_1280-1024x1024.png\" alt=\"\" class=\"wp-image-1635 size-full\" srcset=\"https:\/\/psk.trainsim.pl\/wp-content\/uploads\/2025\/07\/audio-150191_1280-1024x1024.png 1024w, https:\/\/psk.trainsim.pl\/wp-content\/uploads\/2025\/07\/audio-150191_1280-300x300.png 300w, https:\/\/psk.trainsim.pl\/wp-content\/uploads\/2025\/07\/audio-150191_1280-150x150.png 150w, https:\/\/psk.trainsim.pl\/wp-content\/uploads\/2025\/07\/audio-150191_1280-768x768.png 768w, https:\/\/psk.trainsim.pl\/wp-content\/uploads\/2025\/07\/audio-150191_1280-1200x1200.png 1200w, https:\/\/psk.trainsim.pl\/wp-content\/uploads\/2025\/07\/audio-150191_1280-500x500.png 500w, https:\/\/psk.trainsim.pl\/wp-content\/uploads\/2025\/07\/audio-150191_1280.png 1280w\" sizes=\"auto, (max-width: 1024px) 100vw, 1024px\" \/><\/figure><div class=\"wp-block-media-text__content\">\n<p><\/p>\n\n\n\n<p class=\"has-text-align-center\"><strong>D\u017awi\u0119ki tor\u00f3w potrzebne do poprawnego dzia\u0142ania trasy PSK<\/strong><\/p>\n<\/div><\/div>\n\n\n\n<p style=\"font-size:12px\"><em>Plik: *.<\/em><em>7z<\/em>; Pobrano: 1&nbsp;082 razy.<\/p>\n\n\n\n<a class=\"buttonlink\" href=\"?d=1106\">POBIERZ<\/a>\n\n\n\n<hr class=\"wp-block-separator has-text-color has-cyan-bluish-gray-color has-css-opacity has-cyan-bluish-gray-background-color has-background is-style-wide\"\/>\n\n\n\n<h3 class=\"wp-block-heading\">PSK Global 04.04.2026<\/h3>\n\n\n\n<div class=\"wp-block-media-text alignwide is-stacked-on-mobile is-vertically-aligned-top\" style=\"grid-template-columns:33% auto\"><figure class=\"wp-block-media-text__media\"><img loading=\"lazy\" decoding=\"async\" width=\"1000\" height=\"1000\" src=\"https:\/\/psk.trainsim.pl\/wp-content\/uploads\/2025\/07\/tory.jpg\" alt=\"\" class=\"wp-image-1637 size-full\" srcset=\"https:\/\/psk.trainsim.pl\/wp-content\/uploads\/2025\/07\/tory.jpg 1000w, https:\/\/psk.trainsim.pl\/wp-content\/uploads\/2025\/07\/tory-300x300.jpg 300w, https:\/\/psk.trainsim.pl\/wp-content\/uploads\/2025\/07\/tory-150x150.jpg 150w, https:\/\/psk.trainsim.pl\/wp-content\/uploads\/2025\/07\/tory-768x768.jpg 768w, https:\/\/psk.trainsim.pl\/wp-content\/uploads\/2025\/07\/tory-500x500.jpg 500w\" sizes=\"auto, (max-width: 1000px) 100vw, 1000px\" \/><\/figure><div class=\"wp-block-media-text__content\">\n<p><\/p>\n\n\n\n<p class=\"has-text-align-center\"><strong>Zestaw tor\u00f3w aTrack, yTrack, mMrack, DBTrack oraz dr\u00f3g potrzebny do prawid\u0142owego dzia\u0142ania trasy PSK<\/strong><\/p>\n<\/div><\/div>\n\n\n\n<p style=\"font-size:12px\"><em>Plik: *.7z; Pobrano: 101 razy.<\/em><\/p>\n\n\n\n<a class=\"buttonlink\" href=\"?d=1105\">POBIERZ<\/a>\n\n\n\n<hr class=\"wp-block-separator has-text-color has-cyan-bluish-gray-color has-css-opacity has-cyan-bluish-gray-background-color has-background is-style-wide\"\/>\n\n\n\n<h3 class=\"wp-block-heading\"><\/h3>\n\n\n\n<p><\/p>\n\n\n\n<p><\/p>\n","protected":false},"excerpt":{"rendered":"<p>Przed przyst\u0105pieniem do instalacji zawartych tu plik\u00f3w&nbsp;zaleca si\u0119 pobranie i przeczytanie poni\u017cszego pliku Readme Wszystkie pliki do pobrania prowadz\u0105 do zewn\u0119trznych \u017ar\u00f3de\u0142. Plik Readme Polskie Szlaki Kolejowe wersja 7.0 Plik, z kt\u00f3rym zalecamy si\u0119 zapozna\u0107 przed przyst\u0105pieniem do instalacji&nbsp;trasy oraz wymaganych dla niej plik\u00f3w. ZOBACZ PSK Polskie Szlaki Kolejowe aktualizacja taboru, nowe pliki consists 040426&hellip;<\/p>\n","protected":false},"author":2,"featured_media":0,"parent":0,"menu_order":0,"comment_status":"closed","ping_status":"closed","template":"","meta":{"footnotes":""},"class_list":["post-924","page","type-page","status-publish","format-standard","hentry"],"_links":{"self":[{"href":"https:\/\/psk.trainsim.pl\/index.php?rest_route=\/wp\/v2\/pages\/924","targetHints":{"allow":["GET"]}}],"collection":[{"href":"https:\/\/psk.trainsim.pl\/index.php?rest_route=\/wp\/v2\/pages"}],"about":[{"href":"https:\/\/psk.trainsim.pl\/index.php?rest_route=\/wp\/v2\/types\/page"}],"author":[{"embeddable":true,"href":"https:\/\/psk.trainsim.pl\/index.php?rest_route=\/wp\/v2\/users\/2"}],"replies":[{"embeddable":true,"href":"https:\/\/psk.trainsim.pl\/index.php?rest_route=%2Fwp%2Fv2%2Fcomments&post=924"}],"version-history":[{"count":10,"href":"https:\/\/psk.trainsim.pl\/index.php?rest_route=\/wp\/v2\/pages\/924\/revisions"}],"predecessor-version":[{"id":1768,"href":"https:\/\/psk.trainsim.pl\/index.php?rest_route=\/wp\/v2\/pages\/924\/revisions\/1768"}],"wp:attachment":[{"href":"https:\/\/psk.trainsim.pl\/index.php?rest_route=%2Fwp%2Fv2%2Fmedia&parent=924"}],"curies":[{"name":"wp","href":"https:\/\/api.w.org\/{rel}","templated":true}]}}